{"id":204,"date":"2022-10-12T10:19:36","date_gmt":"2022-10-12T07:19:36","guid":{"rendered":"https:\/\/phantomyachting.com\/en\/?page_id=204"},"modified":"2024-04-29T15:55:19","modified_gmt":"2024-04-29T12:55:19","slug":"general-features","status":"publish","type":"page","link":"https:\/\/phantomyachting.com\/en\/general-features\/","title":{"rendered":"General Features"},"content":{"rendered":"<p>[vc_row css_animation=&#8221;&#8221; row_type=&#8221;row&#8221; use_row_as_full_screen_section=&#8221;no&#8221; type=&#8221;grid&#8221; angled_section=&#8221;no&#8221; text_align=&#8221;center&#8221; background_image_as_pattern=&#8221;without_pattern&#8221; css=&#8221;.vc_custom_1468928392486{padding-top: 100px !important;padding-bottom: 65px !important;}&#8221;][vc_column][vc_empty_space height=&#8221;30px&#8221;][qode_elements_holder number_of_columns=&#8221;two_columns&#8221;][qode_elements_holder_item item_padding=&#8221;0 5%&#8221; vertical_alignment=&#8221;middle&#8221; advanced_animations=&#8221;no&#8221; item_padding_1024_1280=&#8221;0 0 0 0&#8243; item_padding_768_1024=&#8221;0 0 0 0&#8243; item_padding_600_768=&#8221;0 0 60px 0&#8243; item_padding_480_600=&#8221;0 0 60px 0&#8243; item_padding_480=&#8221;0 0 60px 0&#8243;][vc_empty_space height=&#8221;46px&#8221;][vc_column_text]<\/p>\n<h4><em>Aesthetics, elegance, power, comfort, spaciousness\u2026<\/em><\/h4>\n<p>[\/vc_column_text][vc_empty_space height=&#8221;20px&#8221;][vc_column_text]These were some of the goals we had in mind when designing the Spook 62. With Spook 62, you can have daily parties with your loved ones or go on a blue cruise with your family in an open area that is unexpected of this size. No matter which marina you anchor in, Spook 62 will make you stand out among other boats with its taste. It will be a reference point for other boat owners when describing the location of their boats.[\/vc_column_text][vc_empty_space height=&#8221;20px&#8221;][vc_column_text]Spook 62 modern ve h\u0131zl\u0131 bir motor yat i\u00e7in kesintisiz geni\u015f i\u00e7 hacim sunmaktad\u0131r. En ince detaylar\u0131na kadar kusursuz bir zevk ve i\u015f\u00e7ilik ile \u00fcretilen Spook 62 y\u0131llarca gururla arkada\u015flar\u0131n\u0131z\u0131 a\u011f\u0131rlayabilece\u011finiz bir e\u011flence arac\u0131 olacakt\u0131r. Spook 62 ister \u00f6zel kullan\u0131m i\u00e7in iki kabin + m\u00fcrettebat kabini se\u00e7enekli, isterseniz g\u00fcnl\u00fck ticari kullan\u0131m i\u00e7in bir kabin + m\u00fcrettebat kabini ve daha geni\u015f bir salon ve mutfak alan\u0131yla sizin se\u00e7iminize g\u00f6re \u00fcretilmektedir.[\/vc_column_text][vc_empty_space height=&#8221;20px&#8221;][vc_column_text]Enjoy the Spook 62 without any worries, no matter which sea you are having fun in, with its state-of-the-art equipment using world-famous brands. You won&#8217;t be able to take your eyes off the premium Burmese teak on the deck and cockpit. You will experience the pleasure of touching your yacht with Burmese teak that defies the years. Spook 62, which will retain its value in the second hand with its incredibly competitive price policy without compromising on quality, will be a pleasure to sell, even if it is difficult to part with it.[\/vc_column_text][vc_empty_space height=&#8221;49px&#8221;]<a  itemprop=\"url\" href=\"https:\/\/phantomyachting.com\/en\/technical-features\/\" target=\"_self\" data-hover-background-color=#dddddd data-hover-color=#545454 class=\"qbutton  default\" style=\"color: #ffffff; background-color: #545454;\">Technical Features<\/a>[\/qode_elements_holder_item][qode_elements_holder_item vertical_alignment=&#8221;middle&#8221; advanced_animations=&#8221;no&#8221;][vc_empty_space height=&#8221;19px&#8221;][vc_single_image image=&#8221;620&#8243; img_size=&#8221;full&#8221; qode_css_animation=&#8221;&#8221;][\/qode_elements_holder_item][\/qode_elements_holder][\/vc_column][\/vc_row]<\/p>\n","protected":false},"excerpt":{"rendered":"<p>[vc_row css_animation=&#8221;&#8221; row_type=&#8221;row&#8221; use_row_as_full_screen_section=&#8221;no&#8221; type=&#8221;grid&#8221; angled_section=&#8221;no&#8221; text_align=&#8221;center&#8221; background_image_as_pattern=&#8221;without_pattern&#8221; css=&#8221;.vc_custom_1468928392486{padding-top: 100px !important;padding-bottom: 65px !important;}&#8221;][vc_column][vc_empty_space height=&#8221;30px&#8221;][qode_elements_holder number_of_columns=&#8221;two_columns&#8221;][qode_elements_holder_item item_padding=&#8221;0 5%&#8221; vertical_alignment=&#8221;middle&#8221; advanced_animations=&#8221;no&#8221; item_padding_1024_1280=&#8221;0 0 0 0&#8243; item_padding_768_1024=&#8221;0 0 0 0&#8243; item_padding_600_768=&#8221;0 0 60px 0&#8243; item_padding_480_600=&#8221;0 0 60px 0&#8243; item_padding_480=&#8221;0 0 60px 0&#8243;][vc_empty_space height=&#8221;46px&#8221;][vc_column_text] Aesthetics, elegance, power, comfort, spaciousness\u2026&#8230;<\/p>\n","protected":false},"author":1,"featured_media":0,"parent":0,"menu_order":0,"comment_status":"closed","ping_status":"closed","template":"full_width.php","meta":{"footnotes":""},"class_list":["post-204","page","type-page","status-publish","hentry"],"_links":{"self":[{"href":"https:\/\/phantomyachting.com\/en\/wp-json\/wp\/v2\/pages\/204","targetHints":{"allow":["GET"]}}],"collection":[{"href":"https:\/\/phantomyachting.com\/en\/wp-json\/wp\/v2\/pages"}],"about":[{"href":"https:\/\/phantomyachting.com\/en\/wp-json\/wp\/v2\/types\/page"}],"author":[{"embeddable":true,"href":"https:\/\/phantomyachting.com\/en\/wp-json\/wp\/v2\/users\/1"}],"replies":[{"embeddable":true,"href":"https:\/\/phantomyachting.com\/en\/wp-json\/wp\/v2\/comments?post=204"}],"version-history":[{"count":21,"href":"https:\/\/phantomyachting.com\/en\/wp-json\/wp\/v2\/pages\/204\/revisions"}],"predecessor-version":[{"id":621,"href":"https:\/\/phantomyachting.com\/en\/wp-json\/wp\/v2\/pages\/204\/revisions\/621"}],"wp:attachment":[{"href":"https:\/\/phantomyachting.com\/en\/wp-json\/wp\/v2\/media?parent=204"}],"curies":[{"name":"wp","href":"https:\/\/api.w.org\/{rel}","templated":true}]}}